{"id":126,"date":"2017-07-30T14:14:44","date_gmt":"2017-07-30T14:14:44","guid":{"rendered":"http:\/\/coeuratomique.org\/fr\/?page_id=126"},"modified":"2021-03-29T17:56:06","modified_gmt":"2021-03-29T17:56:06","slug":"pointsdevente-boutiques","status":"publish","type":"page","link":"https:\/\/coeuratomique.org\/fr\/pointsdevente-boutiques\/","title":{"rendered":"Points de vente &#8211; boutiques"},"content":{"rendered":"<p>Qu\u00e9bec<\/p>\n<p><a href=\"https:\/\/leknockoutdisquaire.com\/\" target=\"_blank\" rel=\"noopener noreferrer\"> Le Knock-Out<\/a>&nbsp;&nbsp; 832 Rue Saint-Joseph E, Qu\u00e9bec, QC G1K 3C9, (581) 742-7625<\/p>\n<p>Montr\u00e9al<\/p>\n<p>\n<a href=\"https:\/\/www.boiteamusique.ca\/\" target=\"_blank\" rel=\"noopener noreferrer\">Boite \u00e0 Musique<\/a>&nbsp;&nbsp; 2222 Ontario est, Montr\u00e9al, Quebec, H2K 1V8   Call us: 1-866-389-6840\n<\/p>\n<p>\n<a target=\"_blank\" href=\"http:\/\/www.deathofvinyl.com\/\">La Fin Du Vinyle<\/a>&nbsp;&nbsp; 6307 Boulevard St-Laurent, Montr\u00e9al, Qu\u00e9bec, H2S 3C3, (514) 495-2786\n<\/p>\n<p><a target=\"_blank\" href=\"https:\/\/www.facebook.com\/Boutiqueloblique\">L&rsquo;Oblique<\/a>&nbsp;&nbsp;  4333 Rue Rivard, Montr\u00e9al, Qu\u00e9bec, H2J 2M7, (514) 499-1323\n<\/p>\n<p><a target=\"_blank\" href=\"https:\/\/online.phonopolis.ca\/\">Phonopolis<\/a>&nbsp;&nbsp;  207 Bernard O., Montr\u00e9al, Qu\u00e9bec, H2T 2K5, (514) 270-4442\n<\/p>\n<p><a target=\"_blank\" href=\"http:\/\/sonoramadisques.com\/\">Sonorama<\/a>&nbsp;&nbsp;   260 Bernard O., Montr\u00e9al, Qu\u00e9bec, H2V 4E6, (514) 273-5553<\/p>\n","protected":false},"excerpt":{"rendered":"<p>Qu\u00e9bec Le Knock-Out&nbsp;&nbsp; 832 Rue Saint-Joseph E, Qu\u00e9bec, QC G1K 3C9, (581) 742-7625 Montr\u00e9al Boite \u00e0 Musique&nbsp;&nbsp; 2222 Ontario est, Montr\u00e9al, Quebec, H2K 1V8 Call us: 1-866-389-6840 La Fin Du Vinyle&nbsp;&nbsp; 6307 Boulevard St-Laurent, Montr\u00e9al, Qu\u00e9bec, H2S 3C3, (514) 495-2786 L&rsquo;Oblique&nbsp;&nbsp; 4333 Rue Rivard, Montr\u00e9al, Qu\u00e9bec, H2J 2M7, (514) 499-1323 Phonopolis&nbsp;&nbsp; 207 Bernard O., Montr\u00e9al, [&hellip;]<\/p>\n","protected":false},"author":1,"featured_media":0,"parent":0,"menu_order":0,"comment_status":"closed","ping_status":"closed","template":"","meta":{"advanced_seo_description":"","jetpack_seo_html_title":"","jetpack_seo_noindex":false,"jetpack_post_was_ever_published":false,"footnotes":""},"class_list":["post-126","page","type-page","status-publish","hentry"],"jetpack_sharing_enabled":true,"jetpack_shortlink":"https:\/\/wp.me\/P8Hh6t-22","jetpack-related-posts":[],"_links":{"self":[{"href":"https:\/\/coeuratomique.org\/fr\/wp-json\/wp\/v2\/pages\/126","targetHints":{"allow":["GET"]}}],"collection":[{"href":"https:\/\/coeuratomique.org\/fr\/wp-json\/wp\/v2\/pages"}],"about":[{"href":"https:\/\/coeuratomique.org\/fr\/wp-json\/wp\/v2\/types\/page"}],"author":[{"embeddable":true,"href":"https:\/\/coeuratomique.org\/fr\/wp-json\/wp\/v2\/users\/1"}],"replies":[{"embeddable":true,"href":"https:\/\/coeuratomique.org\/fr\/wp-json\/wp\/v2\/comments?post=126"}],"version-history":[{"count":8,"href":"https:\/\/coeuratomique.org\/fr\/wp-json\/wp\/v2\/pages\/126\/revisions"}],"predecessor-version":[{"id":232,"href":"https:\/\/coeuratomique.org\/fr\/wp-json\/wp\/v2\/pages\/126\/revisions\/232"}],"wp:attachment":[{"href":"https:\/\/coeuratomique.org\/fr\/wp-json\/wp\/v2\/media?parent=126"}],"curies":[{"name":"wp","href":"https:\/\/api.w.org\/{rel}","templated":true}]}}