{"id":8,"date":"2017-05-01T20:21:04","date_gmt":"2017-05-01T20:21:04","guid":{"rendered":"http:\/\/coeuratomique.org\/fr\/?page_id=8"},"modified":"2025-04-28T14:58:09","modified_gmt":"2025-04-28T14:58:09","slug":"bio","status":"publish","type":"page","link":"https:\/\/coeuratomique.org\/fr\/bio\/","title":{"rendered":"Bio"},"content":{"rendered":"<p>Monica Emond (nixe &#8211; habitat nucl\u00e9aire; MineMine Records) | compositrice et r\u00e9alisatrice | guitare, basse, saxo, fl\u00fbte, xylo, piano, percussions, voix<br \/>\nJean-Yves Th\u00e9riault (Voivod; the Holy Body Tattoo; BYWaudio; MineMine Records) | compositeur et ing\u00e9nieur sonore | basse, guitare, xylo, piano, percussions, voix<\/p>\n<p>C\u0153ur Atomique \u00e9crit et enregistre sa musique soi-m\u00eame avec joie.<\/p>\n<p><img data-recalc-dims=\"1\" loading=\"lazy\" decoding=\"async\" data-attachment-id=\"179\" data-permalink=\"https:\/\/coeuratomique.org\/fr\/bio\/coeuratom_cadre_web\/\" data-orig-file=\"https:\/\/i0.wp.com\/coeuratomique.org\/fr\/wp-content\/uploads\/sites\/2\/2020\/10\/coeuratom_cadre_web.jpg?fit=800%2C1116&amp;ssl=1\" data-orig-size=\"800,1116\" data-comments-opened=\"0\" data-image-meta=\"{&quot;aperture&quot;:&quot;0&quot;,&quot;credit&quot;:&quot;&quot;,&quot;camera&quot;:&quot;&quot;,&quot;caption&quot;:&quot;&quot;,&quot;created_timestamp&quot;:&quot;0&quot;,&quot;copyright&quot;:&quot;&quot;,&quot;focal_length&quot;:&quot;0&quot;,&quot;iso&quot;:&quot;0&quot;,&quot;shutter_speed&quot;:&quot;0&quot;,&quot;title&quot;:&quot;&quot;,&quot;orientation&quot;:&quot;0&quot;}\" data-image-title=\"coeuratom_cadre_web\" data-image-description=\"\" data-image-caption=\"\" data-medium-file=\"https:\/\/i0.wp.com\/coeuratomique.org\/fr\/wp-content\/uploads\/sites\/2\/2020\/10\/coeuratom_cadre_web.jpg?fit=215%2C300&amp;ssl=1\" data-large-file=\"https:\/\/i0.wp.com\/coeuratomique.org\/fr\/wp-content\/uploads\/sites\/2\/2020\/10\/coeuratom_cadre_web.jpg?fit=720%2C1004&amp;ssl=1\" class=\"alignnone size-medium wp-image-179\" src=\"https:\/\/i0.wp.com\/coeuratomique.org\/fr\/wp-content\/uploads\/sites\/2\/2020\/10\/coeuratom_cadre_web.jpg?resize=215%2C300\" alt=\"\" width=\"215\" height=\"300\" srcset=\"https:\/\/i0.wp.com\/coeuratomique.org\/fr\/wp-content\/uploads\/sites\/2\/2020\/10\/coeuratom_cadre_web.jpg?resize=215%2C300&amp;ssl=1 215w, https:\/\/i0.wp.com\/coeuratomique.org\/fr\/wp-content\/uploads\/sites\/2\/2020\/10\/coeuratom_cadre_web.jpg?resize=768%2C1071&amp;ssl=1 768w, https:\/\/i0.wp.com\/coeuratomique.org\/fr\/wp-content\/uploads\/sites\/2\/2020\/10\/coeuratom_cadre_web.jpg?resize=734%2C1024&amp;ssl=1 734w, https:\/\/i0.wp.com\/coeuratomique.org\/fr\/wp-content\/uploads\/sites\/2\/2020\/10\/coeuratom_cadre_web.jpg?w=800&amp;ssl=1 800w\" sizes=\"auto, (max-width: 215px) 100vw, 215px\" \/><\/p>\n","protected":false},"excerpt":{"rendered":"<p>Monica Emond (nixe &#8211; habitat nucl\u00e9aire; MineMine Records) | compositrice et r\u00e9alisatrice | guitare, basse, saxo, fl\u00fbte, xylo, piano, percussions, voix Jean-Yves Th\u00e9riault (Voivod; the Holy Body Tattoo; BYWaudio; MineMine Records) | compositeur et ing\u00e9nieur sonore | basse, guitare, xylo, piano, percussions, voix C\u0153ur Atomique \u00e9crit et enregistre sa musique soi-m\u00eame avec joie.<\/p>\n","protected":false},"author":1,"featured_media":0,"parent":0,"menu_order":0,"comment_status":"closed","ping_status":"closed","template":"","meta":{"advanced_seo_description":"","jetpack_seo_html_title":"","jetpack_seo_noindex":false,"jetpack_post_was_ever_published":false,"footnotes":""},"class_list":["post-8","page","type-page","status-publish","hentry"],"jetpack_sharing_enabled":true,"jetpack_shortlink":"https:\/\/wp.me\/P8Hh6t-8","jetpack-related-posts":[],"_links":{"self":[{"href":"https:\/\/coeuratomique.org\/fr\/wp-json\/wp\/v2\/pages\/8","targetHints":{"allow":["GET"]}}],"collection":[{"href":"https:\/\/coeuratomique.org\/fr\/wp-json\/wp\/v2\/pages"}],"about":[{"href":"https:\/\/coeuratomique.org\/fr\/wp-json\/wp\/v2\/types\/page"}],"author":[{"embeddable":true,"href":"https:\/\/coeuratomique.org\/fr\/wp-json\/wp\/v2\/users\/1"}],"replies":[{"embeddable":true,"href":"https:\/\/coeuratomique.org\/fr\/wp-json\/wp\/v2\/comments?post=8"}],"version-history":[{"count":26,"href":"https:\/\/coeuratomique.org\/fr\/wp-json\/wp\/v2\/pages\/8\/revisions"}],"predecessor-version":[{"id":284,"href":"https:\/\/coeuratomique.org\/fr\/wp-json\/wp\/v2\/pages\/8\/revisions\/284"}],"wp:attachment":[{"href":"https:\/\/coeuratomique.org\/fr\/wp-json\/wp\/v2\/media?parent=8"}],"curies":[{"name":"wp","href":"https:\/\/api.w.org\/{rel}","templated":true}]}}